{"id":2080,"date":"2023-05-24T12:36:19","date_gmt":"2023-05-24T10:36:19","guid":{"rendered":"https:\/\/www.agrollerbikeparade.be\/?page_id=2080"},"modified":"2025-08-01T11:56:45","modified_gmt":"2025-08-01T09:56:45","slug":"faq","status":"publish","type":"page","link":"https:\/\/rollerbikeparade.be\/nl\/faq\/","title":{"rendered":"FAQ"},"content":{"rendered":"","protected":false},"excerpt":{"rendered":"","protected":false},"author":6,"featured_media":0,"parent":0,"menu_order":0,"comment_status":"closed","ping_status":"closed","template":"template-faq.php","meta":{"_acf_changed":false,"footnotes":""},"acf":[],"yoast_head":"<!-- This site is optimized with the Yoast SEO plugin v22.9 - https:\/\/yoast.com\/wordpress\/plugins\/seo\/ -->\n<title>FAQ - Roller Bike Parade<\/title>\n<meta name=\"robots\" content=\"index, follow, max-snippet:-1, max-image-preview:large, max-video-preview:-1\" \/>\n<link rel=\"canonical\" href=\"https:\/\/rollerbikeparade.be\/nl\/faq\/\" \/>\n<meta property=\"og:locale\" content=\"nl_NL\" \/>\n<meta property=\"og:type\" content=\"article\" \/>\n<meta property=\"og:title\" content=\"FAQ - Roller Bike Parade\" \/>\n<meta property=\"og:url\" content=\"https:\/\/rollerbikeparade.be\/nl\/faq\/\" \/>\n<meta property=\"og:site_name\" content=\"Roller Bike Parade\" \/>\n<meta property=\"article:modified_time\" content=\"2025-08-01T09:56:45+00:00\" \/>\n<meta property=\"og:image\" content=\"https:\/\/rollerbikeparade.be\/wp-content\/uploads\/2023\/05\/RollerBike-Logo-fondrouge-transparent_small.png\" \/>\n\t<meta property=\"og:image:width\" content=\"2167\" \/>\n\t<meta property=\"og:image:height\" content=\"988\" \/>\n\t<meta property=\"og:image:type\" content=\"image\/png\" \/>\n<meta name=\"twitter:card\" content=\"summary_large_image\" \/>\n<script type=\"application\/ld+json\" class=\"yoast-schema-graph\">{\"@context\":\"https:\/\/schema.org\",\"@graph\":[{\"@type\":\"WebPage\",\"@id\":\"https:\/\/rollerbikeparade.be\/nl\/faq\/\",\"url\":\"https:\/\/rollerbikeparade.be\/nl\/faq\/\",\"name\":\"FAQ - Roller Bike Parade\",\"isPartOf\":{\"@id\":\"https:\/\/rollerbikeparade.be\/nl\/#website\"},\"datePublished\":\"2023-05-24T10:36:19+00:00\",\"dateModified\":\"2025-08-01T09:56:45+00:00\",\"breadcrumb\":{\"@id\":\"https:\/\/rollerbikeparade.be\/nl\/faq\/#breadcrumb\"},\"inLanguage\":\"nl-NL\",\"potentialAction\":[{\"@type\":\"ReadAction\",\"target\":[\"https:\/\/rollerbikeparade.be\/nl\/faq\/\"]}]},{\"@type\":\"BreadcrumbList\",\"@id\":\"https:\/\/rollerbikeparade.be\/nl\/faq\/#breadcrumb\",\"itemListElement\":[{\"@type\":\"ListItem\",\"position\":1,\"name\":\"Accueil\",\"item\":\"https:\/\/rollerbikeparade.be\/nl\/\"},{\"@type\":\"ListItem\",\"position\":2,\"name\":\"FAQ\"}]},{\"@type\":\"WebSite\",\"@id\":\"https:\/\/rollerbikeparade.be\/nl\/#website\",\"url\":\"https:\/\/rollerbikeparade.be\/nl\/\",\"name\":\"HEY! Telecom Roller Bike Parade\",\"description\":\"Roller Bike Parade est un \u00e9v\u00e9nement unique et enti\u00e8rement gratuit pour tout un chacun qui souhaite y participer. C\u2019est un concept original et ludique puisqu\u2019il s\u2019agit de randonn\u00e9es sportives en rollers, \u00e0 v\u00e9lo, ou tout autre moyen de transport non-motoris\u00e9, qui parcourent les rues des grandes villes de Belgique durant les 4 mois de l\u2019\u00e9t\u00e9 et ce chaque ann\u00e9e depuis 2002.\",\"publisher\":{\"@id\":\"https:\/\/rollerbikeparade.be\/nl\/#organization\"},\"alternateName\":\"Roller Bike Parade\",\"potentialAction\":[{\"@type\":\"SearchAction\",\"target\":{\"@type\":\"EntryPoint\",\"urlTemplate\":\"https:\/\/rollerbikeparade.be\/nl\/?s={search_term_string}\"},\"query-input\":\"required name=search_term_string\"}],\"inLanguage\":\"nl-NL\"},{\"@type\":\"Organization\",\"@id\":\"https:\/\/rollerbikeparade.be\/nl\/#organization\",\"name\":\"HEY! Telecom Roller Bike Parade\",\"alternateName\":\"Roller Bike Parade\",\"url\":\"https:\/\/rollerbikeparade.be\/nl\/\",\"logo\":{\"@type\":\"ImageObject\",\"inLanguage\":\"nl-NL\",\"@id\":\"https:\/\/rollerbikeparade.be\/nl\/#\/schema\/logo\/image\/\",\"url\":\"https:\/\/rollerbikeparade.be\/wp-content\/uploads\/2023\/05\/cropped-RollerBike-Logo-fondrouge-transparent.png\",\"contentUrl\":\"https:\/\/rollerbikeparade.be\/wp-content\/uploads\/2023\/05\/cropped-RollerBike-Logo-fondrouge-transparent.png\",\"width\":512,\"height\":512,\"caption\":\"HEY! Telecom Roller Bike Parade\"},\"image\":{\"@id\":\"https:\/\/rollerbikeparade.be\/nl\/#\/schema\/logo\/image\/\"}}]}<\/script>\n<!-- \/ Yoast SEO plugin. -->","yoast_head_json":{"title":"FAQ - Roller Bike Parade","robots":{"index":"index","follow":"follow","max-snippet":"max-snippet:-1","max-image-preview":"max-image-preview:large","max-video-preview":"max-video-preview:-1"},"canonical":"https:\/\/rollerbikeparade.be\/nl\/faq\/","og_locale":"nl_NL","og_type":"article","og_title":"FAQ - Roller Bike Parade","og_url":"https:\/\/rollerbikeparade.be\/nl\/faq\/","og_site_name":"Roller Bike Parade","article_modified_time":"2025-08-01T09:56:45+00:00","og_image":[{"width":2167,"height":988,"url":"https:\/\/rollerbikeparade.be\/wp-content\/uploads\/2023\/05\/RollerBike-Logo-fondrouge-transparent_small.png","type":"image\/png"}],"twitter_card":"summary_large_image","schema":{"@context":"https:\/\/schema.org","@graph":[{"@type":"WebPage","@id":"https:\/\/rollerbikeparade.be\/nl\/faq\/","url":"https:\/\/rollerbikeparade.be\/nl\/faq\/","name":"FAQ - Roller Bike Parade","isPartOf":{"@id":"https:\/\/rollerbikeparade.be\/nl\/#website"},"datePublished":"2023-05-24T10:36:19+00:00","dateModified":"2025-08-01T09:56:45+00:00","breadcrumb":{"@id":"https:\/\/rollerbikeparade.be\/nl\/faq\/#breadcrumb"},"inLanguage":"nl-NL","potentialAction":[{"@type":"ReadAction","target":["https:\/\/rollerbikeparade.be\/nl\/faq\/"]}]},{"@type":"BreadcrumbList","@id":"https:\/\/rollerbikeparade.be\/nl\/faq\/#breadcrumb","itemListElement":[{"@type":"ListItem","position":1,"name":"Accueil","item":"https:\/\/rollerbikeparade.be\/nl\/"},{"@type":"ListItem","position":2,"name":"FAQ"}]},{"@type":"WebSite","@id":"https:\/\/rollerbikeparade.be\/nl\/#website","url":"https:\/\/rollerbikeparade.be\/nl\/","name":"HEY! Telecom Roller Bike Parade","description":"Roller Bike Parade est un \u00e9v\u00e9nement unique et enti\u00e8rement gratuit pour tout un chacun qui souhaite y participer. C\u2019est un concept original et ludique puisqu\u2019il s\u2019agit de randonn\u00e9es sportives en rollers, \u00e0 v\u00e9lo, ou tout autre moyen de transport non-motoris\u00e9, qui parcourent les rues des grandes villes de Belgique durant les 4 mois de l\u2019\u00e9t\u00e9 et ce chaque ann\u00e9e depuis 2002.","publisher":{"@id":"https:\/\/rollerbikeparade.be\/nl\/#organization"},"alternateName":"Roller Bike Parade","potentialAction":[{"@type":"SearchAction","target":{"@type":"EntryPoint","urlTemplate":"https:\/\/rollerbikeparade.be\/nl\/?s={search_term_string}"},"query-input":"required name=search_term_string"}],"inLanguage":"nl-NL"},{"@type":"Organization","@id":"https:\/\/rollerbikeparade.be\/nl\/#organization","name":"HEY! Telecom Roller Bike Parade","alternateName":"Roller Bike Parade","url":"https:\/\/rollerbikeparade.be\/nl\/","logo":{"@type":"ImageObject","inLanguage":"nl-NL","@id":"https:\/\/rollerbikeparade.be\/nl\/#\/schema\/logo\/image\/","url":"https:\/\/rollerbikeparade.be\/wp-content\/uploads\/2023\/05\/cropped-RollerBike-Logo-fondrouge-transparent.png","contentUrl":"https:\/\/rollerbikeparade.be\/wp-content\/uploads\/2023\/05\/cropped-RollerBike-Logo-fondrouge-transparent.png","width":512,"height":512,"caption":"HEY! Telecom Roller Bike Parade"},"image":{"@id":"https:\/\/rollerbikeparade.be\/nl\/#\/schema\/logo\/image\/"}}]}},"_links":{"self":[{"href":"https:\/\/rollerbikeparade.be\/nl\/wp-json\/wp\/v2\/pages\/2080"}],"collection":[{"href":"https:\/\/rollerbikeparade.be\/nl\/wp-json\/wp\/v2\/pages"}],"about":[{"href":"https:\/\/rollerbikeparade.be\/nl\/wp-json\/wp\/v2\/types\/page"}],"author":[{"embeddable":true,"href":"https:\/\/rollerbikeparade.be\/nl\/wp-json\/wp\/v2\/users\/6"}],"replies":[{"embeddable":true,"href":"https:\/\/rollerbikeparade.be\/nl\/wp-json\/wp\/v2\/comments?post=2080"}],"version-history":[{"count":9,"href":"https:\/\/rollerbikeparade.be\/nl\/wp-json\/wp\/v2\/pages\/2080\/revisions"}],"predecessor-version":[{"id":5345,"href":"https:\/\/rollerbikeparade.be\/nl\/wp-json\/wp\/v2\/pages\/2080\/revisions\/5345"}],"wp:attachment":[{"href":"https:\/\/rollerbikeparade.be\/nl\/wp-json\/wp\/v2\/media?parent=2080"}],"curies":[{"name":"wp","href":"https:\/\/api.w.org\/{rel}","templated":true}]}}