{"id":171,"date":"2023-05-24T14:25:57","date_gmt":"2023-05-24T12:25:57","guid":{"rendered":"https:\/\/www.rollerbikeparade.be\/accueil\/"},"modified":"2026-03-11T12:54:46","modified_gmt":"2026-03-11T11:54:46","slug":"accueil","status":"publish","type":"page","link":"https:\/\/rollerbikeparade.be\/nl\/","title":{"rendered":"Home"},"content":{"rendered":"","protected":false},"excerpt":{"rendered":"","protected":false},"author":4,"featured_media":0,"parent":0,"menu_order":0,"comment_status":"closed","ping_status":"closed","template":"template-accueil.php","meta":{"_acf_changed":false,"footnotes":""},"acf":[],"yoast_head":"<!-- This site is optimized with the Yoast SEO plugin v22.9 - https:\/\/yoast.com\/wordpress\/plugins\/seo\/ -->\n<title>Home - Roller Bike Parade<\/title>\n<meta name=\"description\" content=\"Roller Bike Parade lanceert zijn nieuw seizoen 2024! Kom de hele zomer naar de vier uithoeken van Belgi\u00eb\" \/>\n<meta name=\"robots\" content=\"index, follow, max-snippet:-1, max-image-preview:large, max-video-preview:-1\" \/>\n<link rel=\"canonical\" href=\"https:\/\/rollerbikeparade.be\/nl\/\" \/>\n<meta property=\"og:locale\" content=\"nl_NL\" \/>\n<meta property=\"og:type\" content=\"article\" \/>\n<meta property=\"og:title\" content=\"Home - Roller Bike Parade\" \/>\n<meta property=\"og:description\" content=\"Roller Bike Parade lanceert zijn nieuw seizoen 2024! Kom de hele zomer naar de vier uithoeken van Belgi\u00eb\" \/>\n<meta property=\"og:url\" content=\"https:\/\/rollerbikeparade.be\/nl\/\" \/>\n<meta property=\"og:site_name\" content=\"Roller Bike Parade\" \/>\n<meta property=\"article:modified_time\" content=\"2026-03-11T11:54:46+00:00\" \/>\n<meta property=\"og:image\" content=\"https:\/\/rollerbikeparade.be\/wp-content\/uploads\/2023\/05\/RollerBike-Logo-fondrouge-transparent_small.png\" \/>\n\t<meta property=\"og:image:width\" content=\"2167\" \/>\n\t<meta property=\"og:image:height\" content=\"988\" \/>\n\t<meta property=\"og:image:type\" content=\"image\/png\" \/>\n<meta name=\"twitter:card\" content=\"summary_large_image\" \/>\n<script type=\"application\/ld+json\" class=\"yoast-schema-graph\">{\"@context\":\"https:\/\/schema.org\",\"@graph\":[{\"@type\":\"WebPage\",\"@id\":\"https:\/\/rollerbikeparade.be\/nl\/\",\"url\":\"https:\/\/rollerbikeparade.be\/nl\/\",\"name\":\"Home - Roller Bike Parade\",\"isPartOf\":{\"@id\":\"https:\/\/rollerbikeparade.be\/nl\/#website\"},\"datePublished\":\"2023-05-24T12:25:57+00:00\",\"dateModified\":\"2026-03-11T11:54:46+00:00\",\"description\":\"Roller Bike Parade lanceert zijn nieuw seizoen 2024! Kom de hele zomer naar de vier uithoeken van Belgi\u00eb\",\"breadcrumb\":{\"@id\":\"https:\/\/rollerbikeparade.be\/nl\/#breadcrumb\"},\"inLanguage\":\"nl-NL\",\"potentialAction\":[{\"@type\":\"ReadAction\",\"target\":[\"https:\/\/rollerbikeparade.be\/nl\/\"]}]},{\"@type\":\"BreadcrumbList\",\"@id\":\"https:\/\/rollerbikeparade.be\/nl\/#breadcrumb\",\"itemListElement\":[{\"@type\":\"ListItem\",\"position\":1,\"name\":\"Accueil\",\"item\":\"https:\/\/rollerbikeparade.be\/nl\/\"},{\"@type\":\"ListItem\",\"position\":2,\"name\":\"Home\"}]},{\"@type\":\"WebSite\",\"@id\":\"https:\/\/rollerbikeparade.be\/nl\/#website\",\"url\":\"https:\/\/rollerbikeparade.be\/nl\/\",\"name\":\"HEY! Telecom Roller Bike Parade\",\"description\":\"Roller Bike Parade est un \u00e9v\u00e9nement unique et enti\u00e8rement gratuit pour tout un chacun qui souhaite y participer. C\u2019est un concept original et ludique puisqu\u2019il s\u2019agit de randonn\u00e9es sportives en rollers, \u00e0 v\u00e9lo, ou tout autre moyen de transport non-motoris\u00e9, qui parcourent les rues des grandes villes de Belgique durant les 4 mois de l\u2019\u00e9t\u00e9 et ce chaque ann\u00e9e depuis 2002.\",\"publisher\":{\"@id\":\"https:\/\/rollerbikeparade.be\/nl\/#organization\"},\"alternateName\":\"Roller Bike Parade\",\"potentialAction\":[{\"@type\":\"SearchAction\",\"target\":{\"@type\":\"EntryPoint\",\"urlTemplate\":\"https:\/\/rollerbikeparade.be\/nl\/?s={search_term_string}\"},\"query-input\":\"required name=search_term_string\"}],\"inLanguage\":\"nl-NL\"},{\"@type\":\"Organization\",\"@id\":\"https:\/\/rollerbikeparade.be\/nl\/#organization\",\"name\":\"HEY! Telecom Roller Bike Parade\",\"alternateName\":\"Roller Bike Parade\",\"url\":\"https:\/\/rollerbikeparade.be\/nl\/\",\"logo\":{\"@type\":\"ImageObject\",\"inLanguage\":\"nl-NL\",\"@id\":\"https:\/\/rollerbikeparade.be\/nl\/#\/schema\/logo\/image\/\",\"url\":\"https:\/\/rollerbikeparade.be\/wp-content\/uploads\/2023\/05\/cropped-RollerBike-Logo-fondrouge-transparent.png\",\"contentUrl\":\"https:\/\/rollerbikeparade.be\/wp-content\/uploads\/2023\/05\/cropped-RollerBike-Logo-fondrouge-transparent.png\",\"width\":512,\"height\":512,\"caption\":\"HEY! Telecom Roller Bike Parade\"},\"image\":{\"@id\":\"https:\/\/rollerbikeparade.be\/nl\/#\/schema\/logo\/image\/\"}}]}<\/script>\n<!-- \/ Yoast SEO plugin. -->","yoast_head_json":{"title":"Home - Roller Bike Parade","description":"Roller Bike Parade lanceert zijn nieuw seizoen 2024! Kom de hele zomer naar de vier uithoeken van Belgi\u00eb","robots":{"index":"index","follow":"follow","max-snippet":"max-snippet:-1","max-image-preview":"max-image-preview:large","max-video-preview":"max-video-preview:-1"},"canonical":"https:\/\/rollerbikeparade.be\/nl\/","og_locale":"nl_NL","og_type":"article","og_title":"Home - Roller Bike Parade","og_description":"Roller Bike Parade lanceert zijn nieuw seizoen 2024! Kom de hele zomer naar de vier uithoeken van Belgi\u00eb","og_url":"https:\/\/rollerbikeparade.be\/nl\/","og_site_name":"Roller Bike Parade","article_modified_time":"2026-03-11T11:54:46+00:00","og_image":[{"width":2167,"height":988,"url":"https:\/\/rollerbikeparade.be\/wp-content\/uploads\/2023\/05\/RollerBike-Logo-fondrouge-transparent_small.png","type":"image\/png"}],"twitter_card":"summary_large_image","schema":{"@context":"https:\/\/schema.org","@graph":[{"@type":"WebPage","@id":"https:\/\/rollerbikeparade.be\/nl\/","url":"https:\/\/rollerbikeparade.be\/nl\/","name":"Home - Roller Bike Parade","isPartOf":{"@id":"https:\/\/rollerbikeparade.be\/nl\/#website"},"datePublished":"2023-05-24T12:25:57+00:00","dateModified":"2026-03-11T11:54:46+00:00","description":"Roller Bike Parade lanceert zijn nieuw seizoen 2024! Kom de hele zomer naar de vier uithoeken van Belgi\u00eb","breadcrumb":{"@id":"https:\/\/rollerbikeparade.be\/nl\/#breadcrumb"},"inLanguage":"nl-NL","potentialAction":[{"@type":"ReadAction","target":["https:\/\/rollerbikeparade.be\/nl\/"]}]},{"@type":"BreadcrumbList","@id":"https:\/\/rollerbikeparade.be\/nl\/#breadcrumb","itemListElement":[{"@type":"ListItem","position":1,"name":"Accueil","item":"https:\/\/rollerbikeparade.be\/nl\/"},{"@type":"ListItem","position":2,"name":"Home"}]},{"@type":"WebSite","@id":"https:\/\/rollerbikeparade.be\/nl\/#website","url":"https:\/\/rollerbikeparade.be\/nl\/","name":"HEY! Telecom Roller Bike Parade","description":"Roller Bike Parade est un \u00e9v\u00e9nement unique et enti\u00e8rement gratuit pour tout un chacun qui souhaite y participer. C\u2019est un concept original et ludique puisqu\u2019il s\u2019agit de randonn\u00e9es sportives en rollers, \u00e0 v\u00e9lo, ou tout autre moyen de transport non-motoris\u00e9, qui parcourent les rues des grandes villes de Belgique durant les 4 mois de l\u2019\u00e9t\u00e9 et ce chaque ann\u00e9e depuis 2002.","publisher":{"@id":"https:\/\/rollerbikeparade.be\/nl\/#organization"},"alternateName":"Roller Bike Parade","potentialAction":[{"@type":"SearchAction","target":{"@type":"EntryPoint","urlTemplate":"https:\/\/rollerbikeparade.be\/nl\/?s={search_term_string}"},"query-input":"required name=search_term_string"}],"inLanguage":"nl-NL"},{"@type":"Organization","@id":"https:\/\/rollerbikeparade.be\/nl\/#organization","name":"HEY! Telecom Roller Bike Parade","alternateName":"Roller Bike Parade","url":"https:\/\/rollerbikeparade.be\/nl\/","logo":{"@type":"ImageObject","inLanguage":"nl-NL","@id":"https:\/\/rollerbikeparade.be\/nl\/#\/schema\/logo\/image\/","url":"https:\/\/rollerbikeparade.be\/wp-content\/uploads\/2023\/05\/cropped-RollerBike-Logo-fondrouge-transparent.png","contentUrl":"https:\/\/rollerbikeparade.be\/wp-content\/uploads\/2023\/05\/cropped-RollerBike-Logo-fondrouge-transparent.png","width":512,"height":512,"caption":"HEY! Telecom Roller Bike Parade"},"image":{"@id":"https:\/\/rollerbikeparade.be\/nl\/#\/schema\/logo\/image\/"}}]}},"_links":{"self":[{"href":"https:\/\/rollerbikeparade.be\/nl\/wp-json\/wp\/v2\/pages\/171"}],"collection":[{"href":"https:\/\/rollerbikeparade.be\/nl\/wp-json\/wp\/v2\/pages"}],"about":[{"href":"https:\/\/rollerbikeparade.be\/nl\/wp-json\/wp\/v2\/types\/page"}],"author":[{"embeddable":true,"href":"https:\/\/rollerbikeparade.be\/nl\/wp-json\/wp\/v2\/users\/4"}],"replies":[{"embeddable":true,"href":"https:\/\/rollerbikeparade.be\/nl\/wp-json\/wp\/v2\/comments?post=171"}],"version-history":[{"count":186,"href":"https:\/\/rollerbikeparade.be\/nl\/wp-json\/wp\/v2\/pages\/171\/revisions"}],"predecessor-version":[{"id":5364,"href":"https:\/\/rollerbikeparade.be\/nl\/wp-json\/wp\/v2\/pages\/171\/revisions\/5364"}],"wp:attachment":[{"href":"https:\/\/rollerbikeparade.be\/nl\/wp-json\/wp\/v2\/media?parent=171"}],"curies":[{"name":"wp","href":"https:\/\/api.w.org\/{rel}","templated":true}]}}