{"id":1024,"date":"2023-05-24T10:44:15","date_gmt":"2023-05-24T08:44:15","guid":{"rendered":"https:\/\/www.wikorollerbikeparade.be\/?page_id=1024"},"modified":"2026-03-11T12:59:20","modified_gmt":"2026-03-11T11:59:20","slug":"press","status":"publish","type":"page","link":"https:\/\/rollerbikeparade.be\/en\/press\/","title":{"rendered":"Press"},"content":{"rendered":"<p>Download here our press kit<\/p>\n","protected":false},"excerpt":{"rendered":"<p>Download here our press kit<\/p>\n","protected":false},"author":4,"featured_media":1322,"parent":0,"menu_order":0,"comment_status":"closed","ping_status":"closed","template":"template-press.php","meta":{"_acf_changed":false,"footnotes":""},"acf":[],"yoast_head":"<!-- This site is optimized with the Yoast SEO plugin v22.9 - https:\/\/yoast.com\/wordpress\/plugins\/seo\/ -->\n<title>Press - Roller Bike Parade<\/title>\n<meta name=\"robots\" content=\"index, follow, max-snippet:-1, max-image-preview:large, max-video-preview:-1\" \/>\n<link rel=\"canonical\" href=\"https:\/\/rollerbikeparade.be\/en\/press\/\" \/>\n<meta property=\"og:locale\" content=\"en_US\" \/>\n<meta property=\"og:type\" content=\"article\" \/>\n<meta property=\"og:title\" content=\"Press - Roller Bike Parade\" \/>\n<meta property=\"og:description\" content=\"Download here our press kit\" \/>\n<meta property=\"og:url\" content=\"https:\/\/rollerbikeparade.be\/en\/press\/\" \/>\n<meta property=\"og:site_name\" content=\"Roller Bike Parade\" \/>\n<meta property=\"article:modified_time\" content=\"2026-03-11T11:59:20+00:00\" \/>\n<meta property=\"og:image\" content=\"https:\/\/rollerbikeparade.be\/wp-content\/uploads\/2018\/06\/DSC9041-9-1024x1024.jpg\" \/>\n\t<meta property=\"og:image:width\" content=\"1024\" \/>\n\t<meta property=\"og:image:height\" content=\"1024\" \/>\n\t<meta property=\"og:image:type\" content=\"image\/jpeg\" \/>\n<meta name=\"twitter:card\" content=\"summary_large_image\" \/>\n<meta name=\"twitter:label1\" content=\"Est. reading time\" \/>\n\t<meta name=\"twitter:data1\" content=\"1 minute\" \/>\n<script type=\"application\/ld+json\" class=\"yoast-schema-graph\">{\"@context\":\"https:\/\/schema.org\",\"@graph\":[{\"@type\":\"WebPage\",\"@id\":\"https:\/\/rollerbikeparade.be\/en\/press\/\",\"url\":\"https:\/\/rollerbikeparade.be\/en\/press\/\",\"name\":\"Press - Roller Bike Parade\",\"isPartOf\":{\"@id\":\"https:\/\/rollerbikeparade.be\/en\/#website\"},\"primaryImageOfPage\":{\"@id\":\"https:\/\/rollerbikeparade.be\/en\/press\/#primaryimage\"},\"image\":{\"@id\":\"https:\/\/rollerbikeparade.be\/en\/press\/#primaryimage\"},\"thumbnailUrl\":\"https:\/\/rollerbikeparade.be\/wp-content\/uploads\/2018\/06\/DSC9041-9.jpg\",\"datePublished\":\"2023-05-24T08:44:15+00:00\",\"dateModified\":\"2026-03-11T11:59:20+00:00\",\"breadcrumb\":{\"@id\":\"https:\/\/rollerbikeparade.be\/en\/press\/#breadcrumb\"},\"inLanguage\":\"en-US\",\"potentialAction\":[{\"@type\":\"ReadAction\",\"target\":[\"https:\/\/rollerbikeparade.be\/en\/press\/\"]}]},{\"@type\":\"ImageObject\",\"inLanguage\":\"en-US\",\"@id\":\"https:\/\/rollerbikeparade.be\/en\/press\/#primaryimage\",\"url\":\"https:\/\/rollerbikeparade.be\/wp-content\/uploads\/2018\/06\/DSC9041-9.jpg\",\"contentUrl\":\"https:\/\/rollerbikeparade.be\/wp-content\/uploads\/2018\/06\/DSC9041-9.jpg\",\"width\":3624,\"height\":3624},{\"@type\":\"BreadcrumbList\",\"@id\":\"https:\/\/rollerbikeparade.be\/en\/press\/#breadcrumb\",\"itemListElement\":[{\"@type\":\"ListItem\",\"position\":1,\"name\":\"Accueil\",\"item\":\"https:\/\/rollerbikeparade.be\/en\/\"},{\"@type\":\"ListItem\",\"position\":2,\"name\":\"Press\"}]},{\"@type\":\"WebSite\",\"@id\":\"https:\/\/rollerbikeparade.be\/en\/#website\",\"url\":\"https:\/\/rollerbikeparade.be\/en\/\",\"name\":\"HEY! Telecom Roller Bike Parade\",\"description\":\"Roller Bike Parade est un \u00e9v\u00e9nement unique et enti\u00e8rement gratuit pour tout un chacun qui souhaite y participer. C\u2019est un concept original et ludique puisqu\u2019il s\u2019agit de randonn\u00e9es sportives en rollers, \u00e0 v\u00e9lo, ou tout autre moyen de transport non-motoris\u00e9, qui parcourent les rues des grandes villes de Belgique durant les 4 mois de l\u2019\u00e9t\u00e9 et ce chaque ann\u00e9e depuis 2002.\",\"publisher\":{\"@id\":\"https:\/\/rollerbikeparade.be\/en\/#organization\"},\"alternateName\":\"Roller Bike Parade\",\"potentialAction\":[{\"@type\":\"SearchAction\",\"target\":{\"@type\":\"EntryPoint\",\"urlTemplate\":\"https:\/\/rollerbikeparade.be\/en\/?s={search_term_string}\"},\"query-input\":\"required name=search_term_string\"}],\"inLanguage\":\"en-US\"},{\"@type\":\"Organization\",\"@id\":\"https:\/\/rollerbikeparade.be\/en\/#organization\",\"name\":\"HEY! Telecom Roller Bike Parade\",\"alternateName\":\"Roller Bike Parade\",\"url\":\"https:\/\/rollerbikeparade.be\/en\/\",\"logo\":{\"@type\":\"ImageObject\",\"inLanguage\":\"en-US\",\"@id\":\"https:\/\/rollerbikeparade.be\/en\/#\/schema\/logo\/image\/\",\"url\":\"https:\/\/rollerbikeparade.be\/wp-content\/uploads\/2023\/05\/cropped-RollerBike-Logo-fondrouge-transparent.png\",\"contentUrl\":\"https:\/\/rollerbikeparade.be\/wp-content\/uploads\/2023\/05\/cropped-RollerBike-Logo-fondrouge-transparent.png\",\"width\":512,\"height\":512,\"caption\":\"HEY! Telecom Roller Bike Parade\"},\"image\":{\"@id\":\"https:\/\/rollerbikeparade.be\/en\/#\/schema\/logo\/image\/\"}}]}<\/script>\n<!-- \/ Yoast SEO plugin. -->","yoast_head_json":{"title":"Press - Roller Bike Parade","robots":{"index":"index","follow":"follow","max-snippet":"max-snippet:-1","max-image-preview":"max-image-preview:large","max-video-preview":"max-video-preview:-1"},"canonical":"https:\/\/rollerbikeparade.be\/en\/press\/","og_locale":"en_US","og_type":"article","og_title":"Press - Roller Bike Parade","og_description":"Download here our press kit","og_url":"https:\/\/rollerbikeparade.be\/en\/press\/","og_site_name":"Roller Bike Parade","article_modified_time":"2026-03-11T11:59:20+00:00","og_image":[{"width":1024,"height":1024,"url":"https:\/\/rollerbikeparade.be\/wp-content\/uploads\/2018\/06\/DSC9041-9-1024x1024.jpg","type":"image\/jpeg"}],"twitter_card":"summary_large_image","twitter_misc":{"Est. reading time":"1 minute"},"schema":{"@context":"https:\/\/schema.org","@graph":[{"@type":"WebPage","@id":"https:\/\/rollerbikeparade.be\/en\/press\/","url":"https:\/\/rollerbikeparade.be\/en\/press\/","name":"Press - Roller Bike Parade","isPartOf":{"@id":"https:\/\/rollerbikeparade.be\/en\/#website"},"primaryImageOfPage":{"@id":"https:\/\/rollerbikeparade.be\/en\/press\/#primaryimage"},"image":{"@id":"https:\/\/rollerbikeparade.be\/en\/press\/#primaryimage"},"thumbnailUrl":"https:\/\/rollerbikeparade.be\/wp-content\/uploads\/2018\/06\/DSC9041-9.jpg","datePublished":"2023-05-24T08:44:15+00:00","dateModified":"2026-03-11T11:59:20+00:00","breadcrumb":{"@id":"https:\/\/rollerbikeparade.be\/en\/press\/#breadcrumb"},"inLanguage":"en-US","potentialAction":[{"@type":"ReadAction","target":["https:\/\/rollerbikeparade.be\/en\/press\/"]}]},{"@type":"ImageObject","inLanguage":"en-US","@id":"https:\/\/rollerbikeparade.be\/en\/press\/#primaryimage","url":"https:\/\/rollerbikeparade.be\/wp-content\/uploads\/2018\/06\/DSC9041-9.jpg","contentUrl":"https:\/\/rollerbikeparade.be\/wp-content\/uploads\/2018\/06\/DSC9041-9.jpg","width":3624,"height":3624},{"@type":"BreadcrumbList","@id":"https:\/\/rollerbikeparade.be\/en\/press\/#breadcrumb","itemListElement":[{"@type":"ListItem","position":1,"name":"Accueil","item":"https:\/\/rollerbikeparade.be\/en\/"},{"@type":"ListItem","position":2,"name":"Press"}]},{"@type":"WebSite","@id":"https:\/\/rollerbikeparade.be\/en\/#website","url":"https:\/\/rollerbikeparade.be\/en\/","name":"HEY! Telecom Roller Bike Parade","description":"Roller Bike Parade est un \u00e9v\u00e9nement unique et enti\u00e8rement gratuit pour tout un chacun qui souhaite y participer. C\u2019est un concept original et ludique puisqu\u2019il s\u2019agit de randonn\u00e9es sportives en rollers, \u00e0 v\u00e9lo, ou tout autre moyen de transport non-motoris\u00e9, qui parcourent les rues des grandes villes de Belgique durant les 4 mois de l\u2019\u00e9t\u00e9 et ce chaque ann\u00e9e depuis 2002.","publisher":{"@id":"https:\/\/rollerbikeparade.be\/en\/#organization"},"alternateName":"Roller Bike Parade","potentialAction":[{"@type":"SearchAction","target":{"@type":"EntryPoint","urlTemplate":"https:\/\/rollerbikeparade.be\/en\/?s={search_term_string}"},"query-input":"required name=search_term_string"}],"inLanguage":"en-US"},{"@type":"Organization","@id":"https:\/\/rollerbikeparade.be\/en\/#organization","name":"HEY! Telecom Roller Bike Parade","alternateName":"Roller Bike Parade","url":"https:\/\/rollerbikeparade.be\/en\/","logo":{"@type":"ImageObject","inLanguage":"en-US","@id":"https:\/\/rollerbikeparade.be\/en\/#\/schema\/logo\/image\/","url":"https:\/\/rollerbikeparade.be\/wp-content\/uploads\/2023\/05\/cropped-RollerBike-Logo-fondrouge-transparent.png","contentUrl":"https:\/\/rollerbikeparade.be\/wp-content\/uploads\/2023\/05\/cropped-RollerBike-Logo-fondrouge-transparent.png","width":512,"height":512,"caption":"HEY! Telecom Roller Bike Parade"},"image":{"@id":"https:\/\/rollerbikeparade.be\/en\/#\/schema\/logo\/image\/"}}]}},"_links":{"self":[{"href":"https:\/\/rollerbikeparade.be\/en\/wp-json\/wp\/v2\/pages\/1024"}],"collection":[{"href":"https:\/\/rollerbikeparade.be\/en\/wp-json\/wp\/v2\/pages"}],"about":[{"href":"https:\/\/rollerbikeparade.be\/en\/wp-json\/wp\/v2\/types\/page"}],"author":[{"embeddable":true,"href":"https:\/\/rollerbikeparade.be\/en\/wp-json\/wp\/v2\/users\/4"}],"replies":[{"embeddable":true,"href":"https:\/\/rollerbikeparade.be\/en\/wp-json\/wp\/v2\/comments?post=1024"}],"version-history":[{"count":5,"href":"https:\/\/rollerbikeparade.be\/en\/wp-json\/wp\/v2\/pages\/1024\/revisions"}],"predecessor-version":[{"id":5367,"href":"https:\/\/rollerbikeparade.be\/en\/wp-json\/wp\/v2\/pages\/1024\/revisions\/5367"}],"wp:featuredmedia":[{"embeddable":true,"href":"https:\/\/rollerbikeparade.be\/en\/wp-json\/wp\/v2\/media\/1322"}],"wp:attachment":[{"href":"https:\/\/rollerbikeparade.be\/en\/wp-json\/wp\/v2\/media?parent=1024"}],"curies":[{"name":"wp","href":"https:\/\/api.w.org\/{rel}","templated":true}]}}